{"id":10003,"date":"2025-04-01T13:23:42","date_gmt":"2025-04-01T11:23:42","guid":{"rendered":"https:\/\/www.tennistraining-online.com\/?page_id=10003"},"modified":"2025-04-01T13:45:42","modified_gmt":"2025-04-01T11:45:42","slug":"tennis-point-teamyellow","status":"publish","type":"page","link":"https:\/\/www.tennistraining-online.com\/de\/tennis-point-teamyellow-campaign\/","title":{"rendered":"Doppelt sparen mit dem #teamyellow Coach Programm und tennistraining-online.com"},"content":{"rendered":"<div data-elementor-type=\"wp-page\" data-elementor-id=\"10003\" class=\"elementor elementor-10003\">\n\t\t\t\t\t\t<section class=\"elementor-section elementor-top-section elementor-element elementor-element-4cf9eb7 elementor-section-boxed elementor-section-height-default elementor-section-height-default\" data-id=\"4cf9eb7\" data-element_type=\"section\" data-e-type=\"section\">\n\t\t\t\t\t\t<div class=\"elementor-container elementor-column-gap-default\">\n\t\t\t\t\t<div class=\"elementor-column elementor-col-100 elementor-top-column elementor-element elementor-element-193ca95\" data-id=\"193ca95\" data-element_type=\"column\" data-e-type=\"column\">\n\t\t\t<div class=\"elementor-widget-wrap elementor-element-populated\">\n\t\t\t\t\t\t<div class=\"elementor-element elementor-element-028a524 elementor-widget elementor-widget-image\" data-id=\"028a524\" data-element_type=\"widget\" data-e-type=\"widget\" data-widget_type=\"image.default\">\n\t\t\t\t<div class=\"elementor-widget-container\">\n\t\t\t\t\t\t\t\t\t\t\t\t\t\t\t<img loading=\"lazy\" decoding=\"async\" width=\"500\" height=\"300\" src=\"https:\/\/www.tennistraining-online.com\/wp-content\/uploads\/2025\/04\/doppelt-sparen-tennis-point.webp\" class=\"attachment-large size-large wp-image-10009\" alt=\"doppelt sparen tennis point\" srcset=\"https:\/\/www.tennistraining-online.com\/wp-content\/uploads\/2025\/04\/doppelt-sparen-tennis-point.webp 500w, https:\/\/www.tennistraining-online.com\/wp-content\/uploads\/2025\/04\/doppelt-sparen-tennis-point-300x180.webp 300w, https:\/\/www.tennistraining-online.com\/wp-content\/uploads\/2025\/04\/doppelt-sparen-tennis-point-18x12.webp 18w\" sizes=\"auto, (max-width: 500px) 100vw, 500px\" \/>\t\t\t\t\t\t\t\t\t\t\t\t\t\t\t<\/div>\n\t\t\t\t<\/div>\n\t\t\t\t<div class=\"elementor-element elementor-element-6ed49c7 elementor-widget elementor-widget-text-editor\" data-id=\"6ed49c7\" data-element_type=\"widget\" data-e-type=\"widget\" data-widget_type=\"text-editor.default\">\n\t\t\t\t<div class=\"elementor-widget-container\">\n\t\t\t\t\t\t\t\t\t<p>Melde dich jetzt kostenlos beim Tennis-Point #teamyellow Coach Programm an, profitiere von exklusiven Vorteilen und sichere dir zus\u00e4tzlich <strong>50 % Rabatt<\/strong> auf eine Premium-Mitgliedschaft bei tennistraining-online.com.<\/p><h2>So funktioniert`s<\/h2><ol><li><strong>Anmeldung:<\/strong><br \/>Registriere dich kostenlos beim Tennis-Point #teamyellow Coach Programm unter folgendem Link:<br \/><a href=\"https:\/\/www.tennis-point.de\/coaches.html?srsltid=AfmBOopNwEdhmP395IX6Dx3xr8BErBUoXVH_mmB_rZwjs0PSxhaeniOq\" target=\"_blank\" rel=\"noopener\">www.tennis-point.de\/coaches.html<\/a><br \/><em>Wichtig:<\/em> Bitte w\u00e4hle beim Punkt <strong>Kassel<\/strong> \u201eBist du mit einem Tennis-Point Store verbunden?\u201c unbedingt Kassel aus. Nur so kann der Gutschein erstellt werden.<\/li><li><strong>Nachweis einreichen:<\/strong><br \/>Sende einen kurzen Nachweis deiner Anmeldung an <a href=\"mailto:info@tennistraining-online.com\"><strong>info@tennistraining-online.com<\/strong><\/a>(z. B. Screenshot der Anmeldebest\u00e4tigung)<\/li><li><strong>Gutschein erhalten:<\/strong><br \/>Nach Pr\u00fcfung deiner Anmeldung erh\u00e4ltst du von uns einen <strong>Gutschein \u00fcber 50\u202f% Rabatt<\/strong> auf eine Premium-Mitgliedschaft (6 oder 12 Monate) deiner Wahl.<\/li><\/ol><h2>Was bringt dir das #teamyellow Coach Programm?<\/h2><p>Das Programm richtet sich an Trainer:innen und Clubs und bietet zahlreiche exklusive Vorteile \u2013 komplett kostenlos:<\/p><ul><li>Attraktive Rabatte f\u00fcr dich und deine Spieler:innen<\/li><li>Beste Ballpreise und keine Geb\u00fchren f\u00fcr Testschl\u00e4ger<\/li><li>Gutscheine und Provisionen auf Basis deiner Ums\u00e4tze<\/li><li>Zugang zu exklusiven Coach-Events<\/li><li>M\u00f6glichkeit zu Markenvertr\u00e4gen und weiteren Coach-Vorteilen<\/li><\/ul><p>Jetzt anmelden, Vorteile sichern und doppelt sparen mit Tennis-Point und tennistraining-online.com.<\/p>\t\t\t\t\t\t\t\t<\/div>\n\t\t\t\t<\/div>\n\t\t\t\t\t<\/div>\n\t\t<\/div>\n\t\t\t\t\t<\/div>\n\t\t<\/section>\n\t\t\t\t<section class=\"elementor-section elementor-top-section elementor-element elementor-element-7cb34f8 elementor-section-boxed elementor-section-height-default elementor-section-height-default\" data-id=\"7cb34f8\" data-element_type=\"section\" data-e-type=\"section\">\n\t\t\t\t\t\t<div class=\"elementor-container elementor-column-gap-default\">\n\t\t\t\t\t<div class=\"elementor-column elementor-col-100 elementor-top-column elementor-element elementor-element-30f24a7\" data-id=\"30f24a7\" data-element_type=\"column\" data-e-type=\"column\">\n\t\t\t<div class=\"elementor-widget-wrap\">\n\t\t\t\t\t\t\t<\/div>\n\t\t<\/div>\n\t\t\t\t\t<\/div>\n\t\t<\/section>\n\t\t\t\t<\/div>","protected":false},"excerpt":{"rendered":"<p>Sign up now for the free Tennis-Point #teamyellow Coach Program, enjoy exclusive benefits, and receive an additional 50% discount on a Premium Membership at tennistraining-online.com. How it works: Register: Sign up for the free Tennis-Point #teamyellow Coach Program using the following link: www.tennis-point.de\/coaches.html Important: Make sure to select Kassel under the question \u201cAre you connected<\/p>\n<div class=\"more-link-wrap mt-3\"><a href=\"https:\/\/www.tennistraining-online.com\/de\/tennis-point-teamyellow-campaign\/\" class=\"more-link\">Weiterlesen<\/a><\/div>","protected":false},"author":1,"featured_media":0,"parent":0,"menu_order":0,"comment_status":"closed","ping_status":"closed","template":"","meta":{"pmpro_default_level":"","footnotes":""},"class_list":["post-10003","page","type-page","status-publish","hentry","pmpro-has-access"],"aioseo_notices":[],"_links":{"self":[{"href":"https:\/\/www.tennistraining-online.com\/de\/wp-json\/wp\/v2\/pages\/10003","targetHints":{"allow":["GET"]}}],"collection":[{"href":"https:\/\/www.tennistraining-online.com\/de\/wp-json\/wp\/v2\/pages"}],"about":[{"href":"https:\/\/www.tennistraining-online.com\/de\/wp-json\/wp\/v2\/types\/page"}],"author":[{"embeddable":true,"href":"https:\/\/www.tennistraining-online.com\/de\/wp-json\/wp\/v2\/users\/1"}],"replies":[{"embeddable":true,"href":"https:\/\/www.tennistraining-online.com\/de\/wp-json\/wp\/v2\/comments?post=10003"}],"version-history":[{"count":0,"href":"https:\/\/www.tennistraining-online.com\/de\/wp-json\/wp\/v2\/pages\/10003\/revisions"}],"wp:attachment":[{"href":"https:\/\/www.tennistraining-online.com\/de\/wp-json\/wp\/v2\/media?parent=10003"}],"curies":[{"name":"wp","href":"https:\/\/api.w.org\/{rel}","templated":true}]}}