{"id":11334,"date":"2025-09-14T18:41:22","date_gmt":"2025-09-14T16:41:22","guid":{"rendered":"https:\/\/www.tennistraining-online.com\/?post_type=product&#038;p=11334"},"modified":"2026-02-27T10:43:45","modified_gmt":"2026-02-27T09:43:45","slug":"erfolgskompass-fuer-tennistrainer-zielsicheres-vereinstraining-in-theorie-praxis-e-book","status":"publish","type":"product","link":"https:\/\/www.tennistraining-online.com\/de\/product\/success-compass-for-tennis-coaches-goal-oriented-club-training-in-theory-practice-e-book\/","title":{"rendered":"Erfolgskompass f\u00fcr Tennistrainer - Zielsicheres Vereinstraining in Theorie &amp; Praxis E-Book"},"content":{"rendered":"<h3 data-start=\"229\" data-end=\"282\">Theorie mit Substanz \u2013 f\u00fcr Trainer mit Anspruch<\/h3>\n<p data-start=\"284\" data-end=\"543\">Der theoretische Teil dieses Buches richtet sich an Tennistrainer, die ihre Trainingsarbeit bewusst gestalten und weiterentwickeln m\u00f6chten. Es geht um mehr als Technik \u2013 im Fokus stehen die Trainerpers\u00f6nlichkeit, methodisches Denken und eine klare Struktur im Trainingsalltag.<\/p>\n<p data-start=\"545\" data-end=\"625\">Im Mittelpunkt stehen die wichtigsten Kompetenzen eines erfolgreichen Vereinstrainers:<\/p>\n<p data-start=\"627\" data-end=\"1155\"><strong data-start=\"627\" data-end=\"655\">Zielsetzung im Training<\/strong> \u2013 Wie man klare, realistische Ziele definiert und Trainingseinheiten darauf aufbaut<br data-start=\"730\" data-end=\"733\" \/><strong data-start=\"733\" data-end=\"768\">Motivation im Trainingsalltag<\/strong> \u2013 Wie man Spieler inspiriert und ihre individuelle Entwicklung unterst\u00fctzt<br data-start=\"834\" data-end=\"837\" \/><strong data-start=\"837\" data-end=\"863\">Kommunikation auf dem Platz<\/strong> \u2013 Wie man klar und respektvoll mit Spielern und Eltern kommuniziert<br data-start=\"934\" data-end=\"937\" \/><strong data-start=\"937\" data-end=\"962\">Umgang mit Konflikten<\/strong> \u2013 Wie man selbstbewusst auf Herausforderungen reagiert und sie konstruktiv l\u00f6st<br data-start=\"1037\" data-end=\"1040\" \/><strong data-start=\"1040\" data-end=\"1071\">Gewinnung neuer Vereinsmitglieder<\/strong> \u2013 Wie man das Programm mithilfe von Social Media, Schulkooperationen oder Clubevents erweitert<br \/>\n<strong>Turniertennis<\/strong> - und Umgang mit Talenten im Training<\/p>\n<p data-start=\"1157\" data-end=\"1298\">Zus\u00e4tzlich enth\u00e4lt der theoretische Teil viele Impulse zur Trainingsplanung, zur Rolle des Trainers im Verein und zur pers\u00f6nlichen Weiterentwicklung.<\/p>\n<h3 data-start=\"1300\" data-end=\"1374\">\u00dcber 250 \u00dcbungen f\u00fcr die Praxis \u2013 durchdacht, variabel, sofort einsetzbar<\/h3>\n<p data-start=\"1376\" data-end=\"1614\">Im praktischen Teil findest du mehr als 250 \u00dcbungen, Spielformen und Trainingsideen \u2013 f\u00fcr Kinder, Jugendliche, Erwachsene und Mannschaften jeder Spielst\u00e4rke. Der Aufbau ist praxisnah, \u00fcbersichtlich und sofort anwendbar. Au\u00dferdem weitere, dutzende Bonus\u00fcbungen, teilweise kommentiert vom Autor.<\/p>\n<p data-start=\"1616\" data-end=\"1631\">Diese Themen erwarten dich:<\/p>\n<p data-start=\"1633\" data-end=\"2217\" class=\"translation-block\"><strong data-start=\"1633\" data-end=\"1645\">Aufw\u00e4rmen<\/strong> \u2013 \u00dcbungen und Spiele f\u00fcr Einzelspieler, Paare und Gruppen<br data-start=\"1701\" data-end=\"1704\">\n<strong data-start=\"1704\" data-end=\"1735\">Einspielen<\/strong> \u2013 F\u00fcr Kleinfeld und Gro\u00dffeld \u2013 technisch, taktisch, spielerisch<br data-start=\"1795\" data-end=\"1798\">\n<strong data-start=\"1798\" data-end=\"1837\">Technikerwerb &amp; Technikanwendung<\/strong> \u2013 Vorhand, R\u00fcckhand, Volley, Aufschlag, R\u00fcckschlag<br data-start=\"1881\" data-end=\"1884\">\n<strong data-start=\"1884\" data-end=\"1904\">Doppeltraining<\/strong> \u2013 Spielformen f\u00fcr Stellungsspiel, Rhythmus und Teamarbeit<br data-start=\"1961\" data-end=\"1964\">\n<strong data-start=\"1964\" data-end=\"1981\">Kindertraining<\/strong> \u2013 Abgestimmt auf die rote, orange und gr\u00fcne Stufe<br data-start=\"2038\" data-end=\"2041\">\n<strong data-start=\"2041\" data-end=\"2058\">Mannschaftstraining<\/strong> \u2013 Teambuilding, Gruppen\u00fcbungen und Spielformen<br data-start=\"2115\" data-end=\"2118\">\n<strong data-start=\"2118\" data-end=\"2153\">Club-Events und Wettbewerbe<\/strong> \u2013 Ideen f\u00fcr besondere Trainingstage, Turniere und Feiern<\/p>\n<p data-start=\"2219\" data-end=\"2391\">Alle \u00dcbungen sind methodisch aufgebaut, flexibel anpassbar und mit klaren Zielen versehen. Sie lassen sich sofort ins Training integrieren \u2013 egal ob du mit Anf\u00e4ngern oder Fortgeschrittenen arbeitest.<\/p>\n<h3 data-start=\"2657\" data-end=\"2682\">F\u00fcr wen ist dieses Buch gemacht?<\/h3>\n<p data-start=\"2684\" data-end=\"2944\">Dieses Buch ist f\u00fcr Coaches, die Herz, Struktur und Ehrgeiz mit auf den Platz bringen.<br data-start=\"2762\" data-end=\"2765\" \/>Ob du gerade erst deine Coaching-Reise beginnst oder nach vielen Jahren auf dem Platz neue Inspiration suchst \u2013 dieses Buch gibt dir Werkzeuge, Wissen und Ideen, um dein Coaching auf das n\u00e4chste Level zu bringen.<\/p>\n<p data-start=\"2946\" data-end=\"3106\">Es ist Fachliteratur mit Pers\u00f6nlichkeit \u2013 praxisnah, ehrlich, motivierend. Und gemacht f\u00fcr alle, die das Beste aus sich und ihren Spielern herausholen wollen.<\/p>\n<h3>Rechtliche Hinweise zur Nutzung des E-Books<\/h3>\n<p>Dieses E-Book beinhaltet einen sofortigen Zugriff auf exklusive digitale Inhalte \u00fcber eine integrierte Online-Mitgliedschaft.\nDie Inhalte werden ausschlie\u00dflich online auf tennistraining-online.com bereitgestellt und sind dort nach dem Kauf einsehbar.\n\nEin Download des E-Books als PDF oder Datei ist nicht m\u00f6glich. Dies erfolgt aus urheberrechtlichen Gr\u00fcnden (Copyright-Schutz).\nEs wird empfohlen, die entsprechende E-Book-Seite auf tennistraining-online.com als Lesezeichen (Bookmark) zu speichern, um jederzeit einen schnellen und direkten Zugriff auf die Inhalte zu haben.<\/p>\n<p>Mit Abschluss des Kaufs beginnt die Ausf\u00fchrung der digitalen Leistung unmittelbar.\nDu stimmst ausdr\u00fccklich zu, dass die digitale Leistung sofort beginnt, und best\u00e4tigst, dass du dadurch dein gesetzliches Widerrufsrecht gem\u00e4\u00df \u00a7 356 Abs. 5 BGB verlierst.\n\nBitte schlie\u00dfe den Kauf nur ab, wenn du mit dieser Regelung einverstanden bist.<\/p>","protected":false},"excerpt":{"rendered":"<p><strong>Seiten:<\/strong> 723<br \/>\n<strong>Format:<\/strong> 170&#215;240 mm<\/p>\n<div style=\"position: relative; margin: 60px auto; max-width: 600px;\">\n<p><!-- Avatar --><\/p>\n<div style=\"position: absolute; top: -40px; left: 39%;\"><img decoding=\"async\" style=\"width: 80px; height: 80px; border-radius: 50%; border: 3px solid #34a853; background-color: #fff;\" src=\"https:\/\/www.tennistraining-online.com\/wp-content\/uploads\/2025\/09\/avatar.webp\" alt=\"Avatar\" \/><\/div>\n<p><!-- Box --><\/p>\n<div style=\"background-color: #e6f4ea; border: 2px solid #34a853; border-radius: 12px; padding: 40px 20px 20px; color: #1a1a1a; text-align: center;\">\n<p><!-- Personal Introduction --><\/p>\n<p style=\"font-size: 16px; line-height: 1.6; margin-bottom: 20px; text-align: left;\">Lieber Tennisfan,<\/p>\n<p style=\"text-align: left;\">nach mehr als einem Jahr Entwicklung und rund 5.000 Stunden engagierter Arbeit ist das <strong>Erfolgskompass f\u00fcr Tennistrainer<\/strong> ist endlich fertiggestellt. In diesem Buch verbinde ich Unterhaltung mit Fachwissen in einem System, das es so auf dem Fachbuchmarkt noch nie gegeben hat. Ich freue mich wirklich sehr, dieses Projekt mit dir zu teilen, und bin dankbar f\u00fcr deine Unterst\u00fctzung auf diesem Weg.<\/p>\n<p style=\"text-align: left;\"><!-- Info Section --><\/p>\n<h3 style=\"margin-top: 0px; color: #0b6623; font-size: 1.2rem; font-weight: bold; text-align: left;\">\ud83d\udce2 Wichtige Informationen<\/h3>\n<p style=\"margin: 10px 0px; text-align: left;\">\u2705 <b>Neues Kapitel jetzt verf\u00fcgbar:<\/b> Turniertennis &amp; der Umgang mit talentierten Spielern im Training! Freu dich auf 52 zus\u00e4tzliche Seiten im Erfolgskompass 2.0!<\/p>\n<p style=\"margin: 10px 0px; text-align: left;\">\u2705 Dieses E-Book enth\u00e4lt den theoretischen und praktischen Teil.<\/p>\n<p style=\"margin: 10px 0px; text-align: left;\">\u2705 Mit deinem Kauf erh\u00e4ltst du eine kostenfreie Mitgliedschaft, die dir unbegrenzten Zugang zu allen im E-Book gezeigten \u00dcbungsvideos erm\u00f6glicht.<\/p>\n<p style=\"margin: 10px 0px; text-align: left;\">\u2b50 Besitzer einer Premium-Mitgliedschaft auf Tennistraining-Online, erhalten automatisch <strong>5 \u20ac Rabatt<\/strong> (wird automatisch nach dem Einloggen abgezogen).<\/p>\n<p style=\"margin: 10px 0px; text-align: left;\">\ud83d\udce6 Der Link zum E-Book wird dir per E-Mail zugeschickt. Aus urheberrechtlichen Gr\u00fcnden ist das E-Book nicht downloadbar, kann aber jederzeit \u00fcber den bereitgestellten Link aufgerufen werden.<\/p>\n<p style=\"text-align: left;\"><!-- New Support Note --><\/p>\n<p style=\"margin: 10px 0px; line-height: 1.5; text-align: left;\">\u2753 Wenn du w\u00e4hrend des Bestellvorgangs auf Probleme st\u00f6\u00dft, nutze bitte den Support-Chat oder <a style=\"color: #333 !important;\" href=\"\/de\/kontakt\/\">schreibe uns eine E-Mail<\/a> \u2014 Ich stehe dir sofort pers\u00f6nlich zur Verf\u00fcgung, um dir zu helfen.<\/p>\n<\/div>\n<\/div>\n<p>Der \"Erfolgskompass f\u00fcr Tennistrainer\" ist <strong>wahrscheinlich das umfangreichste Trainerhandbuch in Deutschland<\/strong> \u2013 mit <strong>723 Seiten<\/strong>, \u00fcber <strong>250 sofort einsetzbaren \u00dcbungen<\/strong>und einem <strong>exklusiven Videozugang.<\/strong>Ein einzigartiges Gesamtwerk f\u00fcr alle, die ihr Tennistraining im Verein auf ein neues Level heben m\u00f6chten.<\/p>\n<p>Es verbindet fachliche Tiefe, Unterhaltung und echte Trainererlebnisse zu einer Mischung, die man nicht nur versteht, sondern regelrecht verschlingt. Eine Biografie trifft Fachbuch, gew\u00fcrzt mit Geschichten zum Lachen, Staunen und Nachdenken.<\/p>\n<p><strong>Besonders wertvoll:<\/strong><br \/>\nDieses Buch behandelt Themen, die in vielen Trainerausbildungen kaum oder gar nicht vorkommen \u2013 obwohl sie den Trainingsalltag entscheidend pr\u00e4gen. Dazu geh\u00f6ren unter anderem:<\/p>\n<ul>\n<li>der Umgang mit Konfliktsituationen im Training<\/li>\n<li>Motivationstechniken f\u00fcr unterschiedliche Spielertypen<\/li>\n<li>das professionelle Auftreten eines Trainers auf dem Platz<\/li>\n<li>Kommunikations- und Gruppenf\u00fchrung, die wirklich funktioniert<\/li>\n<li>und vieles mehr<\/li>\n<\/ul>\n<p>All das wird nicht trocken vermittelt, sondern lebendig, ehrlich und praxisnah \u2013 direkt aus dem echten Alltag eines Vereinstrainers.<\/p>\n<p><strong>Und das Beste:<\/strong><br \/>\nAlle \u00dcbungen sind als Video abrufbar, viele davon mit pers\u00f6nlichem Kommentar des Autors. Dadurch wird das Buch zu einem vollwertigen multimedialen Trainingswerkzeug, das es in dieser Form nirgendwo sonst gibt.<\/p>","protected":false},"featured_media":11490,"comment_status":"open","ping_status":"closed","template":"","meta":{"pmpro_default_level":""},"product_brand":[],"product_cat":[2056],"product_tag":[894,496],"class_list":{"0":"post-11334","1":"product","2":"type-product","3":"status-publish","4":"has-post-thumbnail","6":"product_cat-success-compass-for-tenniscoaches","7":"product_tag-tennis-book","8":"product_tag-tennis-drills","9":"pmpro-has-access","11":"first","12":"instock","13":"sale","14":"virtual","15":"taxable","16":"purchasable","17":"product-type-simple"},"aioseo_notices":[],"_links":{"self":[{"href":"https:\/\/www.tennistraining-online.com\/de\/wp-json\/wp\/v2\/product\/11334","targetHints":{"allow":["GET"]}}],"collection":[{"href":"https:\/\/www.tennistraining-online.com\/de\/wp-json\/wp\/v2\/product"}],"about":[{"href":"https:\/\/www.tennistraining-online.com\/de\/wp-json\/wp\/v2\/types\/product"}],"replies":[{"embeddable":true,"href":"https:\/\/www.tennistraining-online.com\/de\/wp-json\/wp\/v2\/comments?post=11334"}],"wp:featuredmedia":[{"embeddable":true,"href":"https:\/\/www.tennistraining-online.com\/de\/wp-json\/wp\/v2\/media\/11490"}],"wp:attachment":[{"href":"https:\/\/www.tennistraining-online.com\/de\/wp-json\/wp\/v2\/media?parent=11334"}],"wp:term":[{"taxonomy":"product_brand","embeddable":true,"href":"https:\/\/www.tennistraining-online.com\/de\/wp-json\/wp\/v2\/product_brand?post=11334"},{"taxonomy":"product_cat","embeddable":true,"href":"https:\/\/www.tennistraining-online.com\/de\/wp-json\/wp\/v2\/product_cat?post=11334"},{"taxonomy":"product_tag","embeddable":true,"href":"https:\/\/www.tennistraining-online.com\/de\/wp-json\/wp\/v2\/product_tag?post=11334"}],"curies":[{"name":"wp","href":"https:\/\/api.w.org\/{rel}","templated":true}]}}