{"id":6131,"date":"2023-10-26T18:18:07","date_gmt":"2023-10-26T16:18:07","guid":{"rendered":"https:\/\/markar.hestia.wpspace.me\/?post_type=product&#038;p=6131"},"modified":"2026-03-04T23:12:26","modified_gmt":"2026-03-04T22:12:26","slug":"tennis-techniktraining-modul-volley-de-en-video","status":"publish","type":"product","link":"https:\/\/www.tennistraining-online.com\/de\/product\/tennis-technique-training-module-volley-de-en\/","title":{"rendered":"Tennis Techniktraining - Modul Volley (DE\/EN)"},"content":{"rendered":"<p>Gemeinsam decken wir s\u00e4mtliche Aspekte des Volley-Spiels ab, angefangen beim Vorhandvolley bis hin zum anspruchsvollen R\u00fcckhandvolley. Doch das ist noch nicht alles \u2013 wir zeigen dir nicht nur den grundlegenden Schlagablauf, sondern demonstrieren auch verschiedene Varianten, wie den tiefen Volley, den hohen Volley, den Topspin Volley, den Volleystopp, das Volleylob und den Halbvolley.<\/p>\n<p>Mit atemberaubenden Superzeitlupen-Aufnahmen lassen wir dich tief in die Technik eintauchen und jeden Aspekt des Schlags detailliert verstehen. Im Praxisbereich teilen wir unser umfangreiches Wissen dar\u00fcber, wie du den Volley erlernen und anderen optimal beibringen kannst. Wir beseitigen h\u00e4ufig auftretende Probleme beim Volleyspiel und bieten dir L\u00f6sungen, um deine F\u00e4higkeiten zu perfektionieren.<\/p>\n<p>Zus\u00e4tzlich beantworten wir in einem ausf\u00fchrlichen FAQ-Bereich alle deine brennenden Fragen. Und um das Ganze abzurunden, zeigt dir Martin Kares in einem Praxisteil eine Beispieltrainingstunde speziell f\u00fcr Kinder \u2013 ein absolutes Highlight!<\/p>\n<p>Unser Video erstreckt sich \u00fcber beeindruckende 107 Minuten, aufgeteilt in 42 Kapitel, die dir ein strukturiertes und tiefgreifendes Lernerlebnis bieten. Selbst wenn Englisch nicht deine Muttersprache ist, kannst du problemlos folgen, da unser Video professionell \u00fcbersetzt wurde.<\/p>\n<p>Mache dich bereit, deine Tennisf\u00e4higkeiten auf das n\u00e4chste Level zu heben und die Kunst des Volleys zu meistern. Egal, ob du Anf\u00e4nger oder Fortgeschrittener bist, dieses Video wird dich begeistern und inspirieren.<\/p>\n<p><strong>Das Video enth\u00e4lt professionelle \u00dcbersetzungen in Deutsch und Englisch und ist auch f\u00fcr Nicht-Deutschsprachige Benutzer geeignet.<\/strong><\/p>\n<p><strong>Videoinhalte:<\/strong><\/p>\n<p>Vorspann<br \/>\nEinleitung<\/p>\n<p>Vor\u00fcberlegungen<br \/>\n01 Wann und wo wird der Volley gespielt?<br \/>\n02 Darstellung der klassischen Volleysituation<br \/>\n03 Drei Unterschiede zu den Grundschl\u00e4gen<\/p>\n<p>Der Schlagablauf<\/p>\n<p>04 Griffhaltungen<br \/>\n05 Bereitschaftsstellung<\/p>\n<p>Der Vorhand Volley<\/p>\n<p>06 Schlagvorbereitung<br \/>\n07 Schlagausf\u00fchrung<br \/>\n08 Treffpunkt<br \/>\n09 Beinarbeit mit dynamischer Gewichtsverlagerung<\/p>\n<p>Der R\u00fcckhand Volley<\/p>\n<p>10 Griffhaltung f\u00fcr den R\u00fcckhand-Volley<br \/>\n11 Schlagvorbereitung<br \/>\n12 Schlagausf\u00fchrung<br \/>\n13 Treffpunkt<br \/>\n14 Beinarbeit mit dynamischer Gewichtsverlagerung<br \/>\n15 Spezialtipp f\u00fcr das Volleyspiel<\/p>\n<p>Schlagdemonstration Vorhand<\/p>\n<p>16 Demonstration der Schl\u00fcsselpositionen \/ Demonstration<br \/>\n17 Volley-Stopp<br \/>\n18 Topspin-Volley<br \/>\n19 Volley-Lob<br \/>\n20 Halb-Volley<br \/>\n21 Tiefer Volley<br \/>\n22 Hoher Volley<br \/>\n23 Unterschiedliche Ausf\u00fchrung im Profibereich<br \/>\n24 H\u00e4ufige Fehler beim Vorhand-Volley &amp; L\u00f6sungen<\/p>\n<p>Schlagdemonstration R\u00fcckhand<\/p>\n<p class=\"translation-block\">25 R\u00fcckhand-Volley \u2013 Demonstration Schl\u00fcsselpositionen<br> \n26 Volley-Stopp<br>\n27 Topspin-Volley<br>\n28 Volley-Lob<br>\n29 Halbvolley<br>\n30 Tiefer Volley<br>\n31 Hoher Volley<\/p>\n<p>Praxis: Den Volley lernen<\/p>\n<p class=\"translation-block\">32 Methodische Reihe zum Erlernen der Volleybewegung<br>\n33 Was passiert nach dem Split-Step?<br>\n34 Trainingsformen f\u00fcr das Flugballspiel<br>\n35 Technische Herangehensweise im J\u00fcngstenbereich<br>\n36 Methodische Hilfen f\u00fcr den Volley<\/p>\n<p>H\u00e4ufig gestellte Fragen<\/p>\n<p class=\"translation-block\">37 Wie unterscheidet sich der Volley im Einzel &amp; Doppel?<br>\n38 Wie hat sich das Volleyspiel \u00fcber die Jahre entwickelt?<br>\n39 Wann sollte von beidh. auf einh. umgestellt werden<br>\n40 Sollten Kinder mit einem beidh. RH-Volley beginnen?<br>\n41 Wie kann ich Spielern die Angst vor dem Volley nehmen? <br>\n42 Welche Griffhaltung in Bereitschaftsstellung beim Volley?<\/p>\n<p>Praxisbeispiel Trainingstunde mit Kindern<\/p>\n<p>Outro<\/p>\n<p>&nbsp;<\/p>\n<p><strong>Quickfacts:<\/strong><\/p>\n<table width=\"350&quot;\">\n<tbody>\n<tr>\n<td width=\"50%\"><strong>Laufzeit<\/strong><\/td>\n<td width=\"50%\">107 min.<\/td>\n<\/tr>\n<tr>\n<td><strong>Aufl\u00f6sung<\/strong><\/td>\n<td>1080 HD<\/td>\n<\/tr>\n<tr>\n<td><strong>Sprache<\/strong><\/td>\n<td>Deutsch<\/td>\n<\/tr>\n<tr>\n<td><strong>Zusammenfassungen<\/strong><\/td>\n<td>Beeinhaltet bebilderte Zusammenfassungen der Volleytechnik in Deutsch und Englisch als PDF Download<\/td>\n<\/tr>\n<tr>\n<td><strong>Untertitel<\/strong><\/td>\n<td><strong>Professionell<\/strong><br \/>\nDeutsch \/ Englisch<br \/>\n<strong>Maschinen generiert<\/strong><br \/>\nItalienisch \/ Spanisch<br \/>\nFranz\u00f6sisch \/ Griechisch<\/td>\n<\/tr>\n<\/tbody>\n<\/table>","protected":false},"excerpt":{"rendered":"<p>Wir pr\u00e4sentieren unser neues Technik-Modul: \u201cTennis Techniktraining: Modul: Volley\u201d . In diesem Meisterwerk des Tennistrainings begleiten wir dich auf einer Reise, die dein Verst\u00e4ndnis und deine Beherrschung des Volley-Schlags auf ein v\u00f6llig neues Niveau heben wird. Unsere Hauptreferenten, Michael Kreuzer, ein renommierter Diplomtrainer und ehemaliger Chefausbilder des hessischen Tennisverbandes, sowie Martin Kares, ein erfahrener ehemaliger Herren-30-Bundesligaspieler, f\u00fchren dich durch die faszinierende Welt des Tennis-Volleys.<\/p>\n<p>Mehr Informationen erh\u00e4ltst du in der ausf\u00fchrlichen Videobeschreibung.<\/p>","protected":false},"featured_media":6145,"comment_status":"open","ping_status":"closed","template":"","meta":{"pmpro_default_level":""},"product_brand":[],"product_cat":[492,272],"product_tag":[495],"class_list":{"0":"post-6131","1":"product","2":"type-product","3":"status-publish","4":"has-post-thumbnail","6":"product_cat-tennis-technique-training","7":"product_cat-tennis-training-videos","8":"product_tag-technique-training","9":"pmpro-has-access","11":"first","12":"instock","13":"sale","14":"virtual","15":"sold-individually","16":"taxable","17":"purchasable","18":"product-type-simple"},"aioseo_notices":[],"_links":{"self":[{"href":"https:\/\/www.tennistraining-online.com\/de\/wp-json\/wp\/v2\/product\/6131","targetHints":{"allow":["GET"]}}],"collection":[{"href":"https:\/\/www.tennistraining-online.com\/de\/wp-json\/wp\/v2\/product"}],"about":[{"href":"https:\/\/www.tennistraining-online.com\/de\/wp-json\/wp\/v2\/types\/product"}],"replies":[{"embeddable":true,"href":"https:\/\/www.tennistraining-online.com\/de\/wp-json\/wp\/v2\/comments?post=6131"}],"wp:featuredmedia":[{"embeddable":true,"href":"https:\/\/www.tennistraining-online.com\/de\/wp-json\/wp\/v2\/media\/6145"}],"wp:attachment":[{"href":"https:\/\/www.tennistraining-online.com\/de\/wp-json\/wp\/v2\/media?parent=6131"}],"wp:term":[{"taxonomy":"product_brand","embeddable":true,"href":"https:\/\/www.tennistraining-online.com\/de\/wp-json\/wp\/v2\/product_brand?post=6131"},{"taxonomy":"product_cat","embeddable":true,"href":"https:\/\/www.tennistraining-online.com\/de\/wp-json\/wp\/v2\/product_cat?post=6131"},{"taxonomy":"product_tag","embeddable":true,"href":"https:\/\/www.tennistraining-online.com\/de\/wp-json\/wp\/v2\/product_tag?post=6131"}],"curies":[{"name":"wp","href":"https:\/\/api.w.org\/{rel}","templated":true}]}}